{"id":1121,"date":"2018-10-12T08:15:56","date_gmt":"2018-10-12T08:15:56","guid":{"rendered":"http:\/\/ricardofallasj.com\/?page_id=1121"},"modified":"2018-10-12T08:15:56","modified_gmt":"2018-10-12T08:15:56","slug":"masacres-y-acompanamiento-pastoral","status":"publish","type":"page","link":"https:\/\/ricardofallasj.com\/?page_id=1121","title":{"rendered":"MASACRES Y ACOMPA\u00d1AMIENTO PASTORAL"},"content":{"rendered":"\n<div id=\"wk-8c3\">\n    <div class=\"uk-panel uk-panel uk-panel-box uk-panel-box-secondary uk-padding-remove uk-overflow-hidden\">\n\n                <div class=\"uk-grid uk-grid-collapse uk-flex-middle\" data-uk-grid-margin>\n            <div class=\"uk-width-medium-2-5 uk-text-center\">\n                \n<div class=\"uk-slidenav-position\" data-uk-slideshow=\"{autoplayInterval: 3000}\">\n\n    <ul class=\"uk-slideshow\">\n        \n            <li style=\"min-height: 250px;\">\n                <img decoding=\"async\" src=\"\/wp-content\/uploads\/Masacres-de-la-selva.jpg\" alt=\"Masacres de la selva. Ixc\u00e1n, Guatemala 1975-1982\">            <\/li>\n\n        \n            <li style=\"min-height: 250px;\">\n                <img decoding=\"async\" src=\"\/wp-content\/uploads\/Historia-de-un-gran-amor.jpg\" alt=\"Historia de un gran amor\">            <\/li>\n\n        \n            <li style=\"min-height: 250px;\">\n                <img decoding=\"async\" src=\"\/wp-content\/uploads\/negreaba.jpg\" alt=\"Negreaba de Zopilotes. Masacre y sobrevivencia. Finca San Francisco, Nent\u00f3n.\">            <\/li>\n\n        \n            <li style=\"min-height: 250px;\">\n                <img decoding=\"async\" src=\"\/wp-content\/uploads\/WhatsApp-Image-2021-12-02-at-9.27.48-AM-1.jpeg\" alt=\"\u00a1Yo lo vi! \u00a1Lo vi todo!\">            <\/li>\n\n            <\/ul>\n\n        <a href=\"#\" class=\"uk-slidenav  uk-slidenav-previous uk-hidden-touch\" data-uk-slideshow-item=\"previous\"><\/a>\n    <a href=\"#\" class=\"uk-slidenav  uk-slidenav-next uk-hidden-touch\" data-uk-slideshow-item=\"next\"><\/a>\n    \n    \n<\/div>\n            <\/div>\n            <div class=\"uk-width-medium-3-5\">\n        \n        <div class=\"uk-panel-body uk-text-left\" data-uk-slideshow=\"{autoplayInterval: 3000}\">\n            <ul class=\"uk-slideshow\">\n                \n                <li>\n\n                                        <h3 class=\"uk-h3 uk-margin-top-remove\">\n\n                                                    Masacres de la selva. Ixc\u00e1n, Guatemala 1975-1982                        \n                        \n                    <\/h3>\n                    \n                                        <div class=\" uk-margin-top\"><P ALIGN=\"justify\">Testimonios de los acontecimientos vividos entre 1975 y 1982 en Ixc\u00e1n, Quich\u00e9, Guatemala. Los testigos, si se les da tiempo, cuentan su historia y la culminan con la experiencia de la masacre y de la vida que sali\u00f3 de ella, como refugiados o como miembros de la poblaci\u00f3n en resistencia. Este libro se centra en los hechos de sangre o semejantes: desapariciones, torturas, asesinatos selectivos, asesinatos de varias personas a la vez, masacres de grupos, masacres masivas de aldeas enteras, que pueden bien catalogarse como genocidio.<\/P>\n<br><br>\nFalla, Ricardo (1993). Masacres de la selva. Ixc\u00e1n, Guatemala (1975-1982). Guatemala: Editorial Universitaria de la Universidad de San Carlos de Guatemala.<\/div>\n                    \n                    \n                <\/li>\n\n            \n                <li>\n\n                                        <h3 class=\"uk-h3 uk-margin-top-remove\">\n\n                                                    Historia de un gran amor                        \n                        \n                    <\/h3>\n                    \n                                        <div class=\" uk-margin-top\"><P ALIGN=\"justify\">En este trabajo Ricardo Falla recupera la experiencia de trabajo pastoral entre las Comunidades de Poblaci\u00f3n en Resistencia del Ixc\u00e1n entre 1975 y 1982. Esta experiencia fue reflexionada por Ricardo Falla tras su salida del Ixc\u00e1n y fue publicada por primera vez en 1993.<P>\n<P ALIGN=\"justify\">Falla, Ricardo (1995). Historia de un gran amor. Recuperaci\u00f3n autobiogr\u00e1fica de la experiencia con las Comunidades de Poblaci\u00f3n en Resistencia. Ixc\u00e1n, Guatemala. Guatemala: Editorial Universitaria de la Universidad de San Carlos de Guatemala.<P>\n\n<a href=\"https:\/\/ricardofallasj.com\/english\/\"><P ALIGN=\"justify\">Versi\u00f3n en ingl\u00e9s descargable en la Secci\u00f3n English<P><\/a>\n    <\/div>\n                    \n                    \n                <\/li>\n\n            \n                <li>\n\n                                        <h3 class=\"uk-h3 uk-margin-top-remove\">\n\n                                                    Negreaba de Zopilotes. Masacre y sobrevivencia. Finca San Francisco, Nent\u00f3n.                        \n                        \n                    <\/h3>\n                    \n                                        <div class=\" uk-margin-top\"><P ALIGN=\"justify\">Es un documento \u00fanico por la profundidad de sus preguntas, por la variedad de sus fuentes, por el alcance de su mirada temporal y, sobre todo, por la valent\u00eda de su indagaci\u00f3n. En el coraz\u00f3n del trabajo se sit\u00faan, como en casi toda la obra de Falla, las voces de los m\u00e1s despose\u00eddos, en este caso, los sobrevivientes y testigos de la masacre cometida por el Ej\u00e9rcito de Guatemala contra la comunidad de la Finca San Francisco, el 17 de julio de 1982. Son simult\u00e1neamente voces de dolor e incredulidad y voces que narran los acontecimientos a manera de guiar al antrop\u00f3logo por cada uno de los hechos que constituyen la masacre, por la experiencia del exilio y del retorno, as\u00ed como por el hoy con frecuencia desalentador (Instituto AVANCSO en la Presentaci\u00f3n, 2010).<P>\n<br><br>\nFalla, Ricardo (2011). Negreaba de zopilotes\u2026Masacre y sobrevivencia, finca San Francisco, Nent\u00f3n (1871 a 2010). Guatemala: AVANCSO.\n<br><br>\n<div class=\"sdm_download_button_box_default\"><div class=\"sdm_download_link\"><a href=\"https:\/\/ricardofallasj.com\/?sdm_process_download=1&download_id=1225\" class=\"sdm_download green\" title=\"Negreaba de Zopilotes. Masacre y sobrevivencia\" >\u00a1Descarga ahora!<\/a><\/div><\/div><\/div>\n                    \n                    \n                <\/li>\n\n            \n                <li>\n\n                                        <h3 class=\"uk-h3 uk-margin-top-remove\">\n\n                                                    \u00a1Yo lo vi! \u00a1Lo vi todo!                        \n                        \n                    <\/h3>\n                    \n                                        <div class=\" uk-margin-top\"><P ALIGN=\"justify\">\nEste libro es la voz de los testigos de un ejemplo, un caso, un hecho, una muestra irrefutable de genocidio: asesinatos de ni\u00f1os, violaci\u00f3n de mujeres, tortura a los ancianos mientras los matan&#8230; y, en fin, de todos los hombres que eran trabajadores, no guerrilleros. Es una masacre de destrucci\u00f3n total. En ella se muestran los atributos de un acto genocida, que amenaza a todo el g\u00e9nero humano.  Est\u00e1 narrado por testigos que vieron de cerca lo que pas\u00f3. Ellos estuvieron en el cerco del ej\u00e9rcito. Lo vivieron pero lograron escapar. La finca donde se llev\u00f3 a cabo esta masacre era propiedad de un coronel, ten\u00eda alrededor de 50 viviendas con poco m\u00e1s de 400 habitantes. El total de masacrados fue de 376 entre mujeres, hombres, ni\u00f1os y viejos.\n<\/P>\n<P ALIGN=\"justify\">\n    Se publican estas historias especialmente para j\u00f3venes de la regi\u00f3n chuj, Pero tambi\u00e9n para la memoria de j\u00f3venes en general, ya que se trata de genocidio que es un crimen contra la humanidad. Es la historia de todos y todas.<\/P>\n<br><br><\/div>\n                    \n                    \n                <\/li>\n\n                        <\/ul>\n\n                        <div class=\"uk-margin-top\">\n                \n<ul class=\"uk-thumbnav uk-flex-center uk-margin-bottom-remove\">\n    <li data-uk-slideshow-item=\"0\"><a href=\"#\"><img loading=\"lazy\" decoding=\"async\" src=\"\/wp-content\/plugins\/widgetkit\/cache\/Masacres-de-la-selva-b4a981aea782c5122e2db97cf71027cc.jpg\" alt=\"Masacres de la selva. Ixc\u00e1n, Guatemala 1975-1982\" width=\"70\" height=\"90\"><\/a><\/li>\n    <li data-uk-slideshow-item=\"1\"><a href=\"#\"><img loading=\"lazy\" decoding=\"async\" src=\"\/wp-content\/plugins\/widgetkit\/cache\/Historia-de-un-gran-amor-30b5d5c571a96e6476eb983d7a195e37.jpg\" alt=\"Historia de un gran amor\" width=\"70\" height=\"90\"><\/a><\/li>\n    <li data-uk-slideshow-item=\"2\"><a href=\"#\"><img loading=\"lazy\" decoding=\"async\" src=\"\/wp-content\/plugins\/widgetkit\/cache\/negreaba-441c8b472c06bdfd79fd9f8a0ae46460.jpg\" alt=\"Negreaba de Zopilotes. Masacre y sobrevivencia. Finca San Francisco, Nent\u00f3n.\" width=\"70\" height=\"90\"><\/a><\/li>\n    <li data-uk-slideshow-item=\"3\"><a href=\"#\"><img loading=\"lazy\" decoding=\"async\" src=\"\/wp-content\/plugins\/widgetkit\/cache\/WhatsApp-Image-2021-12-02-at-9.27.48-AM-1-b0275de2d2a176a0d7b1385dd85a2478.jpeg\" alt=\"\u00a1Yo lo vi! \u00a1Lo vi todo!\" width=\"70\" height=\"90\"><\/a><\/li>\n<\/ul>\n            <\/div>\n            \n        <\/div>\n\n                    <\/div>\n        <\/div>\n        \n    <\/div>\n<\/div>\n\n<script>\n\n    (function($){\n\n        var settings   = {\"panel\":\"secondary\",\"nav\":\"thumbnails\",\"nav_overlay\":false,\"nav_align\":\"center\",\"thumbnail_width\":\"70\",\"thumbnail_height\":\"90\",\"thumbnail_alt\":false,\"slidenav\":\"default\",\"nav_contrast\":false,\"animation\":\"fade\",\"slices\":\"15\",\"duration\":\"500\",\"autoplay\":false,\"interval\":\"3000\",\"autoplay_pause\":true,\"kenburns\":false,\"kenburns_animation\":\"\",\"kenburns_duration\":\"15\",\"fullscreen\":false,\"min_height\":\"250\",\"media\":true,\"image_width\":\"auto\",\"image_height\":\"auto\",\"media_align\":\"left\",\"media_width\":\"2-5\",\"media_breakpoint\":\"medium\",\"content_align\":true,\"title\":true,\"content\":true,\"title_size\":\"h3\",\"content_size\":\"\",\"text_align\":\"left\",\"link\":true,\"link_style\":\"button\",\"link_text\":\"Descargar\",\"badge\":true,\"badge_style\":\"success\",\"link_target\":true,\"class\":\"\",\"id\":\"8c3\"},\n            container  = $('#wk-8c3'),\n            slideshows = container.find('[data-uk-slideshow]');\n\n        if (slideshows.length > 1) {\n            container.on('beforeshow.uk.slideshow', function(e, next) {\n                slideshows.not(next.closest('[data-uk-slideshow]')[0]).data('slideshow').show(next.index());\n            });\n        }\n\n        if (settings.autoplay && settings.autoplay_pause) {\n\n            container.on({\n                mouseenter: function() {\n                    slideshows.each(function(){\n                        $(this).data('slideshow').stop();\n                    });\n                },\n                mouseleave: function() {\n                    slideshows.each(function(){\n                        $(this).data('slideshow').start();\n                    });\n                }\n            });\n        }\n\n    })(jQuery);\n\n<\/script>\n","protected":false},"excerpt":{"rendered":"","protected":false},"author":1,"featured_media":0,"parent":0,"menu_order":0,"comment_status":"closed","ping_status":"closed","template":"","meta":{"footnotes":""},"class_list":["post-1121","page","type-page","status-publish","hentry"],"yoast_head":"<!-- This site is optimized with the Yoast SEO plugin v26.8 - https:\/\/yoast.com\/product\/yoast-seo-wordpress\/ -->\n<title>MASACRES Y ACOMPA\u00d1AMIENTO PASTORAL - Ricardo Falla sj<\/title>\n<meta name=\"robots\" content=\"index, follow, max-snippet:-1, max-image-preview:large, max-video-preview:-1\" \/>\n<link rel=\"canonical\" href=\"https:\/\/ricardofallasj.com\/?page_id=1121\" \/>\n<meta property=\"og:locale\" content=\"es_ES\" \/>\n<meta property=\"og:type\" content=\"article\" \/>\n<meta property=\"og:title\" content=\"MASACRES Y ACOMPA\u00d1AMIENTO PASTORAL - Ricardo Falla sj\" \/>\n<meta property=\"og:url\" content=\"https:\/\/ricardofallasj.com\/?page_id=1121\" \/>\n<meta property=\"og:site_name\" content=\"Ricardo Falla sj\" \/>\n<meta name=\"twitter:card\" content=\"summary_large_image\" \/>\n<script type=\"application\/ld+json\" class=\"yoast-schema-graph\">{\"@context\":\"https:\/\/schema.org\",\"@graph\":[{\"@type\":\"WebPage\",\"@id\":\"https:\/\/ricardofallasj.com\/?page_id=1121\",\"url\":\"https:\/\/ricardofallasj.com\/?page_id=1121\",\"name\":\"MASACRES Y ACOMPA\u00d1AMIENTO PASTORAL - Ricardo Falla sj\",\"isPartOf\":{\"@id\":\"https:\/\/ricardofallasj.com\/#website\"},\"datePublished\":\"2018-10-12T08:15:56+00:00\",\"breadcrumb\":{\"@id\":\"https:\/\/ricardofallasj.com\/?page_id=1121#breadcrumb\"},\"inLanguage\":\"es\",\"potentialAction\":[{\"@type\":\"ReadAction\",\"target\":[\"https:\/\/ricardofallasj.com\/?page_id=1121\"]}]},{\"@type\":\"BreadcrumbList\",\"@id\":\"https:\/\/ricardofallasj.com\/?page_id=1121#breadcrumb\",\"itemListElement\":[{\"@type\":\"ListItem\",\"position\":1,\"name\":\"Inicio\",\"item\":\"https:\/\/ricardofallasj.com\/\"},{\"@type\":\"ListItem\",\"position\":2,\"name\":\"MASACRES Y ACOMPA\u00d1AMIENTO PASTORAL\"}]},{\"@type\":\"WebSite\",\"@id\":\"https:\/\/ricardofallasj.com\/#website\",\"url\":\"https:\/\/ricardofallasj.com\/\",\"name\":\"Ricardo Falla sj\",\"description\":\"Grupo Impulsor de sus Escritos\",\"potentialAction\":[{\"@type\":\"SearchAction\",\"target\":{\"@type\":\"EntryPoint\",\"urlTemplate\":\"https:\/\/ricardofallasj.com\/?s={search_term_string}\"},\"query-input\":{\"@type\":\"PropertyValueSpecification\",\"valueRequired\":true,\"valueName\":\"search_term_string\"}}],\"inLanguage\":\"es\"}]}<\/script>\n<!-- \/ Yoast SEO plugin. -->","yoast_head_json":{"title":"MASACRES Y ACOMPA\u00d1AMIENTO PASTORAL - Ricardo Falla sj","robots":{"index":"index","follow":"follow","max-snippet":"max-snippet:-1","max-image-preview":"max-image-preview:large","max-video-preview":"max-video-preview:-1"},"canonical":"https:\/\/ricardofallasj.com\/?page_id=1121","og_locale":"es_ES","og_type":"article","og_title":"MASACRES Y ACOMPA\u00d1AMIENTO PASTORAL - Ricardo Falla sj","og_url":"https:\/\/ricardofallasj.com\/?page_id=1121","og_site_name":"Ricardo Falla sj","twitter_card":"summary_large_image","schema":{"@context":"https:\/\/schema.org","@graph":[{"@type":"WebPage","@id":"https:\/\/ricardofallasj.com\/?page_id=1121","url":"https:\/\/ricardofallasj.com\/?page_id=1121","name":"MASACRES Y ACOMPA\u00d1AMIENTO PASTORAL - Ricardo Falla sj","isPartOf":{"@id":"https:\/\/ricardofallasj.com\/#website"},"datePublished":"2018-10-12T08:15:56+00:00","breadcrumb":{"@id":"https:\/\/ricardofallasj.com\/?page_id=1121#breadcrumb"},"inLanguage":"es","potentialAction":[{"@type":"ReadAction","target":["https:\/\/ricardofallasj.com\/?page_id=1121"]}]},{"@type":"BreadcrumbList","@id":"https:\/\/ricardofallasj.com\/?page_id=1121#breadcrumb","itemListElement":[{"@type":"ListItem","position":1,"name":"Inicio","item":"https:\/\/ricardofallasj.com\/"},{"@type":"ListItem","position":2,"name":"MASACRES Y ACOMPA\u00d1AMIENTO PASTORAL"}]},{"@type":"WebSite","@id":"https:\/\/ricardofallasj.com\/#website","url":"https:\/\/ricardofallasj.com\/","name":"Ricardo Falla sj","description":"Grupo Impulsor de sus Escritos","potentialAction":[{"@type":"SearchAction","target":{"@type":"EntryPoint","urlTemplate":"https:\/\/ricardofallasj.com\/?s={search_term_string}"},"query-input":{"@type":"PropertyValueSpecification","valueRequired":true,"valueName":"search_term_string"}}],"inLanguage":"es"}]}},"_links":{"self":[{"href":"https:\/\/ricardofallasj.com\/index.php?rest_route=\/wp\/v2\/pages\/1121","targetHints":{"allow":["GET"]}}],"collection":[{"href":"https:\/\/ricardofallasj.com\/index.php?rest_route=\/wp\/v2\/pages"}],"about":[{"href":"https:\/\/ricardofallasj.com\/index.php?rest_route=\/wp\/v2\/types\/page"}],"author":[{"embeddable":true,"href":"https:\/\/ricardofallasj.com\/index.php?rest_route=\/wp\/v2\/users\/1"}],"replies":[{"embeddable":true,"href":"https:\/\/ricardofallasj.com\/index.php?rest_route=%2Fwp%2Fv2%2Fcomments&post=1121"}],"version-history":[{"count":1,"href":"https:\/\/ricardofallasj.com\/index.php?rest_route=\/wp\/v2\/pages\/1121\/revisions"}],"predecessor-version":[{"id":1122,"href":"https:\/\/ricardofallasj.com\/index.php?rest_route=\/wp\/v2\/pages\/1121\/revisions\/1122"}],"wp:attachment":[{"href":"https:\/\/ricardofallasj.com\/index.php?rest_route=%2Fwp%2Fv2%2Fmedia&parent=1121"}],"curies":[{"name":"wp","href":"https:\/\/api.w.org\/{rel}","templated":true}]}}