{"id":1488,"date":"2021-09-28T03:38:44","date_gmt":"2021-09-28T03:38:44","guid":{"rendered":"https:\/\/ricardofallasj.com\/?page_id=1488"},"modified":"2021-09-28T03:38:44","modified_gmt":"2021-09-28T03:38:44","slug":"religiosidad","status":"publish","type":"page","link":"https:\/\/ricardofallasj.com\/?page_id=1488","title":{"rendered":"Religiosidad"},"content":{"rendered":"\n<div id=\"wk-e6e\">\n    <div class=\"uk-panel uk-panel uk-panel-box uk-panel-box-secondary uk-padding-remove uk-overflow-hidden\">\n\n                <div class=\"uk-grid uk-grid-collapse uk-flex-middle\" data-uk-grid-margin>\n            <div class=\"uk-width-medium-2-5 uk-text-center\">\n                \n<div class=\"uk-slidenav-position\" data-uk-slideshow=\"{autoplayInterval: 3000}\">\n\n    <ul class=\"uk-slideshow\">\n        \n            <li style=\"min-height: 250px;\">\n                <img decoding=\"async\" src=\"\/wp-content\/uploads\/Quiche-Rebelde.jpg\" alt=\"Quich\u00e9 Rebelde. Estudio de un movimiento de conversi\u00f3n religiosa, rebelde a las creencias tradicionales, en San Antonio Ilotenango, Quich\u00e9 (1948-1970)\">            <\/li>\n\n        \n            <li style=\"min-height: 250px;\">\n                <img decoding=\"async\" src=\"\/wp-content\/uploads\/Esa-muerte-que-nos-hace-vivir.jpg\" alt=\"Esa muerte que nos hace vivir. Estudio de la religi\u00f3n popular de Escuintla, Guatemala\">            <\/li>\n\n            <\/ul>\n\n        <a href=\"#\" class=\"uk-slidenav  uk-slidenav-previous uk-hidden-touch\" data-uk-slideshow-item=\"previous\"><\/a>\n    <a href=\"#\" class=\"uk-slidenav  uk-slidenav-next uk-hidden-touch\" data-uk-slideshow-item=\"next\"><\/a>\n    \n    \n<\/div>\n            <\/div>\n            <div class=\"uk-width-medium-3-5\">\n        \n        <div class=\"uk-panel-body uk-text-left\" data-uk-slideshow=\"{autoplayInterval: 3000}\">\n            <ul class=\"uk-slideshow\">\n                \n                <li>\n\n                                        <h3 class=\"uk-h3 uk-margin-top-remove\">\n\n                                                    Quich\u00e9 Rebelde. Estudio de un movimiento de conversi\u00f3n religiosa, rebelde a las creencias tradicionales, en San Antonio Ilotenango, Quich\u00e9 (1948-1970)                        \n                        \n                    <\/h3>\n                    \n                                        <div class=\" uk-margin-top\"><P ALIGN=\"justify\">En 1969 Ricardo Falla viaja a Guatemala para realizar el trabajo de campo de su tesis doctoral y se percata que dos fen\u00f3menos notables: la adopci\u00f3n del abono qu\u00edmico y la conversi\u00f3n religiosa. El trabajo de campo realizado durante este tiempo en San Antonio Ilotenango, Quich\u00e9, se convirti\u00f3 en 1980 en su primera publicaci\u00f3n.<\/P>\n\n<br><br>\n\nFalla, Ricardo (1980). Quich\u00e9 Rebelde. Estudio de un movimiento de conversi\u00f3n religiosa, rebelde a las creencias tradicionales en San Antonio Illotenango, Quich\u00e9 (1948 a 1970). Guatemala: Editorial Universitaria de la Universidad de San Carlos de Guatemala.<\/div>\n                    \n                    \n                <\/li>\n\n            \n                <li>\n\n                                        <h3 class=\"uk-h3 uk-margin-top-remove\">\n\n                                                    Esa muerte que nos hace vivir. Estudio de la religi\u00f3n popular de Escuintla, Guatemala                        \n                        \n                    <\/h3>\n                    \n                                        <div class=\" uk-margin-top\"><P ALIGN=\"justify\">Este librito no es m\u00e1s que una invitaci\u00f3n al lector a ver con nuestros ojos la profundidad del coraz\u00f3n del pueblo a trav\u00e9s de todo un conjunto de manifestaciones, que por sus connotados transcendentes, decimos que son manifestaciones religiosas, y por que su coherencia intr\u00ednseca, decimos que forman un sistema que llamamos religi\u00f3n (Ricardo Falla en la Introducci\u00f3n, 1980).<P>\n<br><br>\nFalla, Ricardo (1984). Esa muerte que nos hace vivir. Estudio de la religi\u00f3n popular de Escuintla, Guatemala. El Salvador: UCA Editores.\n<br><br>\n<div class=\"sdm_download_button_box_default\"><div class=\"sdm_download_link\"><a href=\"https:\/\/ricardofallasj.com\/?sdm_process_download=1&download_id=1223\" class=\"sdm_download green\" title=\"Esa muerte que nos hace vivir. Estudio de la religi\u00f3n popular de Escuintla, Guatemala\" >\u00a1Descarga ahora!<\/a><\/div><\/div><\/div>\n                    \n                    \n                <\/li>\n\n                        <\/ul>\n\n                        <div class=\"uk-margin-top\">\n                \n<ul class=\"uk-thumbnav uk-flex-center uk-margin-bottom-remove\">\n    <li data-uk-slideshow-item=\"0\"><a href=\"#\"><img loading=\"lazy\" decoding=\"async\" src=\"\/wp-content\/plugins\/widgetkit\/cache\/Quiche-Rebelde-c6676b6be784b2f7387890b5e9830197.jpg\" alt=\"Quich\u00e9 Rebelde. Estudio de un movimiento de conversi\u00f3n religiosa, rebelde a las creencias tradicionales, en San Antonio Ilotenango, Quich\u00e9 (1948-1970)\" width=\"70\" height=\"90\"><\/a><\/li>\n    <li data-uk-slideshow-item=\"1\"><a href=\"#\"><img loading=\"lazy\" decoding=\"async\" src=\"\/wp-content\/plugins\/widgetkit\/cache\/Esa-muerte-que-nos-hace-vivir-dcd82fc5e083c16f563e13646d478ad5.jpg\" alt=\"Esa muerte que nos hace vivir. Estudio de la religi\u00f3n popular de Escuintla, Guatemala\" width=\"70\" height=\"90\"><\/a><\/li>\n<\/ul>\n            <\/div>\n            \n        <\/div>\n\n                    <\/div>\n        <\/div>\n        \n    <\/div>\n<\/div>\n\n<script>\n\n    (function($){\n\n        var settings   = {\"panel\":\"secondary\",\"nav\":\"thumbnails\",\"nav_overlay\":false,\"nav_align\":\"center\",\"thumbnail_width\":\"70\",\"thumbnail_height\":\"90\",\"thumbnail_alt\":false,\"slidenav\":\"default\",\"nav_contrast\":false,\"animation\":\"fade\",\"slices\":\"15\",\"duration\":\"500\",\"autoplay\":false,\"interval\":\"3000\",\"autoplay_pause\":true,\"kenburns\":false,\"kenburns_animation\":\"\",\"kenburns_duration\":\"15\",\"fullscreen\":false,\"min_height\":\"250\",\"media\":true,\"image_width\":\"auto\",\"image_height\":\"auto\",\"media_align\":\"left\",\"media_width\":\"2-5\",\"media_breakpoint\":\"medium\",\"content_align\":true,\"title\":true,\"content\":true,\"title_size\":\"h3\",\"content_size\":\"\",\"text_align\":\"left\",\"link\":true,\"link_style\":\"button\",\"link_text\":\"Descargar\",\"badge\":true,\"badge_style\":\"success\",\"link_target\":true,\"class\":\"\",\"id\":\"e6e\"},\n            container  = $('#wk-e6e'),\n            slideshows = container.find('[data-uk-slideshow]');\n\n        if (slideshows.length > 1) {\n            container.on('beforeshow.uk.slideshow', function(e, next) {\n                slideshows.not(next.closest('[data-uk-slideshow]')[0]).data('slideshow').show(next.index());\n            });\n        }\n\n        if (settings.autoplay && settings.autoplay_pause) {\n\n            container.on({\n                mouseenter: function() {\n                    slideshows.each(function(){\n                        $(this).data('slideshow').stop();\n                    });\n                },\n                mouseleave: function() {\n                    slideshows.each(function(){\n                        $(this).data('slideshow').start();\n                    });\n                }\n            });\n        }\n\n    })(jQuery);\n\n<\/script>\n\n","protected":false},"excerpt":{"rendered":"","protected":false},"author":1,"featured_media":0,"parent":0,"menu_order":0,"comment_status":"closed","ping_status":"closed","template":"","meta":{"footnotes":""},"class_list":["post-1488","page","type-page","status-publish","hentry"],"yoast_head":"<!-- This site is optimized with the Yoast SEO plugin v26.8 - https:\/\/yoast.com\/product\/yoast-seo-wordpress\/ -->\n<title>Religiosidad - Ricardo Falla sj<\/title>\n<meta name=\"robots\" content=\"index, follow, max-snippet:-1, max-image-preview:large, max-video-preview:-1\" \/>\n<link rel=\"canonical\" href=\"https:\/\/ricardofallasj.com\/?page_id=1488\" \/>\n<meta property=\"og:locale\" content=\"es_ES\" \/>\n<meta property=\"og:type\" content=\"article\" \/>\n<meta property=\"og:title\" content=\"Religiosidad - Ricardo Falla sj\" \/>\n<meta property=\"og:url\" content=\"https:\/\/ricardofallasj.com\/?page_id=1488\" \/>\n<meta property=\"og:site_name\" content=\"Ricardo Falla sj\" \/>\n<meta name=\"twitter:card\" content=\"summary_large_image\" \/>\n<script type=\"application\/ld+json\" class=\"yoast-schema-graph\">{\"@context\":\"https:\/\/schema.org\",\"@graph\":[{\"@type\":\"WebPage\",\"@id\":\"https:\/\/ricardofallasj.com\/?page_id=1488\",\"url\":\"https:\/\/ricardofallasj.com\/?page_id=1488\",\"name\":\"Religiosidad - Ricardo Falla sj\",\"isPartOf\":{\"@id\":\"https:\/\/ricardofallasj.com\/#website\"},\"datePublished\":\"2021-09-28T03:38:44+00:00\",\"breadcrumb\":{\"@id\":\"https:\/\/ricardofallasj.com\/?page_id=1488#breadcrumb\"},\"inLanguage\":\"es\",\"potentialAction\":[{\"@type\":\"ReadAction\",\"target\":[\"https:\/\/ricardofallasj.com\/?page_id=1488\"]}]},{\"@type\":\"BreadcrumbList\",\"@id\":\"https:\/\/ricardofallasj.com\/?page_id=1488#breadcrumb\",\"itemListElement\":[{\"@type\":\"ListItem\",\"position\":1,\"name\":\"Inicio\",\"item\":\"https:\/\/ricardofallasj.com\/\"},{\"@type\":\"ListItem\",\"position\":2,\"name\":\"Religiosidad\"}]},{\"@type\":\"WebSite\",\"@id\":\"https:\/\/ricardofallasj.com\/#website\",\"url\":\"https:\/\/ricardofallasj.com\/\",\"name\":\"Ricardo Falla sj\",\"description\":\"Grupo Impulsor de sus Escritos\",\"potentialAction\":[{\"@type\":\"SearchAction\",\"target\":{\"@type\":\"EntryPoint\",\"urlTemplate\":\"https:\/\/ricardofallasj.com\/?s={search_term_string}\"},\"query-input\":{\"@type\":\"PropertyValueSpecification\",\"valueRequired\":true,\"valueName\":\"search_term_string\"}}],\"inLanguage\":\"es\"}]}<\/script>\n<!-- \/ Yoast SEO plugin. -->","yoast_head_json":{"title":"Religiosidad - Ricardo Falla sj","robots":{"index":"index","follow":"follow","max-snippet":"max-snippet:-1","max-image-preview":"max-image-preview:large","max-video-preview":"max-video-preview:-1"},"canonical":"https:\/\/ricardofallasj.com\/?page_id=1488","og_locale":"es_ES","og_type":"article","og_title":"Religiosidad - Ricardo Falla sj","og_url":"https:\/\/ricardofallasj.com\/?page_id=1488","og_site_name":"Ricardo Falla sj","twitter_card":"summary_large_image","schema":{"@context":"https:\/\/schema.org","@graph":[{"@type":"WebPage","@id":"https:\/\/ricardofallasj.com\/?page_id=1488","url":"https:\/\/ricardofallasj.com\/?page_id=1488","name":"Religiosidad - Ricardo Falla sj","isPartOf":{"@id":"https:\/\/ricardofallasj.com\/#website"},"datePublished":"2021-09-28T03:38:44+00:00","breadcrumb":{"@id":"https:\/\/ricardofallasj.com\/?page_id=1488#breadcrumb"},"inLanguage":"es","potentialAction":[{"@type":"ReadAction","target":["https:\/\/ricardofallasj.com\/?page_id=1488"]}]},{"@type":"BreadcrumbList","@id":"https:\/\/ricardofallasj.com\/?page_id=1488#breadcrumb","itemListElement":[{"@type":"ListItem","position":1,"name":"Inicio","item":"https:\/\/ricardofallasj.com\/"},{"@type":"ListItem","position":2,"name":"Religiosidad"}]},{"@type":"WebSite","@id":"https:\/\/ricardofallasj.com\/#website","url":"https:\/\/ricardofallasj.com\/","name":"Ricardo Falla sj","description":"Grupo Impulsor de sus Escritos","potentialAction":[{"@type":"SearchAction","target":{"@type":"EntryPoint","urlTemplate":"https:\/\/ricardofallasj.com\/?s={search_term_string}"},"query-input":{"@type":"PropertyValueSpecification","valueRequired":true,"valueName":"search_term_string"}}],"inLanguage":"es"}]}},"_links":{"self":[{"href":"https:\/\/ricardofallasj.com\/index.php?rest_route=\/wp\/v2\/pages\/1488","targetHints":{"allow":["GET"]}}],"collection":[{"href":"https:\/\/ricardofallasj.com\/index.php?rest_route=\/wp\/v2\/pages"}],"about":[{"href":"https:\/\/ricardofallasj.com\/index.php?rest_route=\/wp\/v2\/types\/page"}],"author":[{"embeddable":true,"href":"https:\/\/ricardofallasj.com\/index.php?rest_route=\/wp\/v2\/users\/1"}],"replies":[{"embeddable":true,"href":"https:\/\/ricardofallasj.com\/index.php?rest_route=%2Fwp%2Fv2%2Fcomments&post=1488"}],"version-history":[{"count":1,"href":"https:\/\/ricardofallasj.com\/index.php?rest_route=\/wp\/v2\/pages\/1488\/revisions"}],"predecessor-version":[{"id":1489,"href":"https:\/\/ricardofallasj.com\/index.php?rest_route=\/wp\/v2\/pages\/1488\/revisions\/1489"}],"wp:attachment":[{"href":"https:\/\/ricardofallasj.com\/index.php?rest_route=%2Fwp%2Fv2%2Fmedia&parent=1488"}],"curies":[{"name":"wp","href":"https:\/\/api.w.org\/{rel}","templated":true}]}}